{"id":804,"date":"2026-04-01T13:19:29","date_gmt":"2026-04-01T16:19:29","guid":{"rendered":"https:\/\/performa.eng.br\/?page_id=804"},"modified":"2026-04-01T13:23:13","modified_gmt":"2026-04-01T16:23:13","slug":"804-2","status":"publish","type":"page","link":"https:\/\/performa.eng.br\/?page_id=804","title":{"rendered":"ATS &#8211; Portal \u00c1gil"},"content":{"rendered":"\n<div style=\"font-family: sans-serif; color: #1f2937; background-color: #ffffff;\">\n    \n    <section style=\"position: relative; background-color: #111827; color: #ffffff; padding: 5rem 1rem; overflow: hidden; border-radius: 1.5rem; margin: 2rem 0; box-shadow: 0 25px 50px -12px rgba(0, 0, 0, 0.25); border: 1px solid #1f2937;\">\n        \n        <div style=\"position: relative; max-w-width: 64rem; margin: 0 auto; text-align: center; z-index: 10;\">\n            <span style=\"display: inline-block; padding: 0.25rem 0.75rem; border-radius: 9999px; background-color: #2563eb; color: #dbeafe; font-size: 0.875rem; font-weight: 700; letter-spacing: 0.05em; margin-bottom: 1.5rem; text-transform: uppercase;\">\n                Tecnologia Exclusiva Performa\n            <\/span>\n            <h1 style=\"font-size: 2.5rem; font-weight: 800; letter-spacing: -0.025em; margin-bottom: 1.5rem; line-height: 1.2;\">\n                O Fim do RH Operacional.<br>\n                <span style=\"color: #60a5fa;\">Bem-vindo \u00e0 Era da Automa\u00e7\u00e3o.<\/span>\n            <\/h1>\n            <p style=\"margin-top: 1rem; font-size: 1.125rem; color: #d1d5db; max-width: 48rem; margin-left: auto; margin-right: auto; font-weight: 300; line-height: 1.625; margin-bottom: 2.5rem;\">\n                Substitua planilhas, pilhas de curr\u00edculos e processos manuais por uma esteira digital implac\u00e1vel. Nosso ecossistema capta, tria, investiga antecedentes, aprova e treina seus colaboradores <strong>no piloto autom\u00e1tico<\/strong>.\n            <\/p>\n            \n            <div style=\"display: flex; justify-content: center; gap: 1rem;\">\n                <a href=\"https:\/\/agil.performa.eng.br\/\" style=\"background-color: #2563eb; color: #ffffff; font-weight: 700; padding: 1rem 2.5rem; border-radius: 9999px; box-shadow: 0 10px 15px -3px rgba(37, 99, 235, 0.3); text-decoration: none; text-transform: uppercase; letter-spacing: 0.025em; display: inline-block;\">\n                    Descubra como funciona\n                <\/a>\n            <\/div>\n        <\/div>\n    <\/section>\n\n    <section style=\"padding: 3rem 1rem; max-width: 72rem; margin: 0 auto;\">\n        <div style=\"display: grid; grid-template-columns: repeat(auto-fit, minmax(250px, 1fr)); gap: 2.5rem; text-align: center;\">\n            \n            <div style=\"padding: 1.5rem;\">\n                <div style=\"width: 4rem; height: 4rem; margin: 0 auto 1rem auto; background-color: #dbeafe; color: #2563eb; border-radius: 1rem; display: flex; align-items: center; justify-content: center; font-size: 1.875rem;\">\n                    \u26a1\n                <\/div>\n                <h3 style=\"font-size: 1.25rem; font-weight: 700; color: #111827; margin-bottom: 0.75rem;\">ATS Inteligente<\/h3>\n                <p style=\"color: #4b5563; font-size: 0.875rem;\">Filtros rigorosos, integra\u00e7\u00e3o com LinkedIn e Background Check via API em Segundos (Serasa, PF).<\/p>\n            <\/div>\n\n            <div style=\"padding: 1.5rem;\">\n                <div style=\"width: 4rem; height: 4rem; margin: 0 auto 1rem auto; background-color: #dcfce7; color: #16a34a; border-radius: 1rem; display: flex; align-items: center; justify-content: center; font-size: 1.875rem;\">\n                    \ud83d\udcc1\n                <\/div>\n                <h3 style=\"font-size: 1.25rem; font-weight: 700; color: #111827; margin-bottom: 0.75rem;\">Dossi\u00ea 100% Digital<\/h3>\n                <p style=\"color: #4b5563; font-size: 0.875rem;\">O candidato envia os documentos pelo celular. O sistema valida, cobra e organiza tudo com total conformidade \u00e0 LGPD.<\/p>\n            <\/div>\n\n            <div style=\"padding: 1.5rem;\">\n                <div style=\"width: 4rem; height: 4rem; margin: 0 auto 1rem auto; background-color: #ffedd5; color: #ea580c; border-radius: 1rem; display: flex; align-items: center; justify-content: center; font-size: 1.875rem;\">\n                    \ud83c\udf93\n                <\/div>\n                <h3 style=\"font-size: 1.25rem; font-weight: 700; color: #111827; margin-bottom: 0.75rem;\">EAD Normativo Integrado<\/h3>\n                <p style=\"color: #4b5563; font-size: 0.875rem;\">O colaborador entra na empresa com ASO e 45 treinamentos normativos conclu\u00eddos e certificados. Risco zero.<\/p>\n            <\/div>\n\n        <\/div>\n    <\/section>\n\n    <section style=\"background-color: #f9fafb; border: 1px solid #e5e7eb; border-radius: 1rem; max-width: 64rem; margin: 3rem auto; padding: 2rem; box-shadow: 0 1px 2px 0 rgba(0, 0, 0, 0.05); display: flex; flex-wrap: wrap; align-items: center; justify-content: space-between;\">\n        <div style=\"flex: 1 1 60%; min-width: 250px; text-align: left; margin-bottom: 1rem;\">\n            <h2 style=\"font-size: 1.5rem; font-weight: 700; color: #111827; margin-bottom: 0.5rem; margin-top: 0;\">Transforme seu setor de recrutamento.<\/h2>\n            <p style=\"color: #4b5563; margin: 0;\">Veja telas reais, cat\u00e1logos de treinamento e a linha do tempo da nossa esteira de contrata\u00e7\u00e3o em detalhes.<\/p>\n        <\/div>\n        <div style=\"flex: 1 1 30%; min-width: 200px; display: flex; justify-content: flex-end;\">\n            <a href=\"https:\/\/agil.performa.eng.br\/\" style=\"color: #1d4ed8; font-weight: 700; border-bottom: 2px solid #1d4ed8; padding-bottom: 0.25rem; text-decoration: none; display: flex; align-items: center; justify-content: center;\">\n                Acessar Proposta Completa \n                <svg style=\"width: 20px; height: 20px; min-width: 20px; margin-left: 0.5rem;\" fill=\"none\" stroke=\"currentColor\" viewBox=\"0 0 24 24\"><path stroke-linecap=\"round\" stroke-linejoin=\"round\" stroke-width=\"2\" d=\"M14 5l7 7m0 0l-7 7m7-7H3\"><\/path><\/svg>\n            <\/a>\n        <\/div>\n    <\/section>\n\n<\/div>\n","protected":false},"excerpt":{"rendered":"<p>Tecnologia Exclusiva Performa O Fim do RH Operacional. Bem-vindo \u00e0 Era da Automa\u00e7\u00e3o. Substitua planilhas, pilhas de curr\u00edculos e processos manuais por uma esteira digital implac\u00e1vel. Nosso ecossistema capta, tria, investiga antecedentes, aprova e treina seus colaboradores no piloto autom\u00e1tico. Descubra como funciona \u26a1 ATS Inteligente Filtros rigorosos, integra\u00e7\u00e3o com LinkedIn e Background Check via [&hellip;]<\/p>\n","protected":false},"author":1,"featured_media":0,"parent":0,"menu_order":0,"comment_status":"closed","ping_status":"closed","template":"","meta":{"footnotes":""},"class_list":["post-804","page","type-page","status-publish","hentry"],"_links":{"self":[{"href":"https:\/\/performa.eng.br\/index.php?rest_route=\/wp\/v2\/pages\/804","targetHints":{"allow":["GET"]}}],"collection":[{"href":"https:\/\/performa.eng.br\/index.php?rest_route=\/wp\/v2\/pages"}],"about":[{"href":"https:\/\/performa.eng.br\/index.php?rest_route=\/wp\/v2\/types\/page"}],"author":[{"embeddable":true,"href":"https:\/\/performa.eng.br\/index.php?rest_route=\/wp\/v2\/users\/1"}],"replies":[{"embeddable":true,"href":"https:\/\/performa.eng.br\/index.php?rest_route=%2Fwp%2Fv2%2Fcomments&post=804"}],"version-history":[{"count":5,"href":"https:\/\/performa.eng.br\/index.php?rest_route=\/wp\/v2\/pages\/804\/revisions"}],"predecessor-version":[{"id":810,"href":"https:\/\/performa.eng.br\/index.php?rest_route=\/wp\/v2\/pages\/804\/revisions\/810"}],"wp:attachment":[{"href":"https:\/\/performa.eng.br\/index.php?rest_route=%2Fwp%2Fv2%2Fmedia&parent=804"}],"curies":[{"name":"wp","href":"https:\/\/api.w.org\/{rel}","templated":true}]}}